{"id":22,"date":"2021-09-16T08:47:43","date_gmt":"2021-09-16T08:47:43","guid":{"rendered":"http:\/\/bhidvegi.webns.cloud\/en\/?page_id=22"},"modified":"2023-01-20T15:21:28","modified_gmt":"2023-01-20T15:21:28","slug":"foundation","status":"publish","type":"page","link":"https:\/\/bhidvegi.hu\/en\/foundation\/","title":{"rendered":"B\u00e9la Hidv\u00e9gi Hunting Foundation"},"content":{"rendered":"\n<div class=\"wp-block-media-text alignwide has-media-on-the-right is-stacked-on-mobile\" style=\"grid-template-columns:auto 30%\"><div class=\"wp-block-media-text__content\">\n<p>The B\u00e9la Hidv\u00e9gi Hunting Trophy Foundation was established by B\u00e9la Hidv\u00e9gi in 2013 to maintain his exceptional trophy collection and exhibitions and help him realize his game conservation goals through international programs and educating the next generation.<\/p>\n<\/div><figure class=\"wp-block-media-text__media\"><img decoding=\"async\" loading=\"lazy\" width=\"270\" height=\"134\" src=\"https:\/\/bhidvegi.hu\/en\/wp-content\/uploads\/sites\/2\/2021\/10\/i_foundation_2_hu.jpg\" alt=\"\" class=\"wp-image-83 size-full\"\/><\/figure><\/div>\n\n\n\n<p>The Foundation, aims &#8211; among other things &#8211; to widen the public&#8217;s understanding of the world&#8217;s exotic animals, the beauty and difficulties of hunting, and the need for wildlife conservation. To communicate and disseminate knowledge about hunting and the world&#8217;s wildlife, and to promote the founder&#8217;s heritage. Another main reason for its creation was to offer scholarships to students of wildlife management at universities. The Foundation was also set up with the foresight to protect the museums and collections by continuing to look after this unique heritage.<\/p>\n\n\n\n<p>It is also to educate and train the younger generation in hunting through exhibitions in the museums created by the founder, and to bring non-hunting people closer to nature. To demonstrate the need for hunting within an official and regulated framework, its role in wildlife conservation and in the preservation of endangered species.<\/p>\n\n\n\n<div class=\"wp-block-media-text alignwide is-stacked-on-mobile\" style=\"grid-template-columns:30% auto\"><figure class=\"wp-block-media-text__media\"><img decoding=\"async\" loading=\"lazy\" width=\"1024\" height=\"1024\" src=\"https:\/\/bhidvegi.hu\/en\/wp-content\/uploads\/sites\/2\/2023\/01\/11SCHOLARSHIPsigning-1024x1024.jpg\" alt=\"\" class=\"wp-image-136 size-full\" srcset=\"https:\/\/bhidvegi.hu\/en\/wp-content\/uploads\/sites\/2\/2023\/01\/11SCHOLARSHIPsigning-1024x1024.jpg 1024w, https:\/\/bhidvegi.hu\/en\/wp-content\/uploads\/sites\/2\/2023\/01\/11SCHOLARSHIPsigning-300x300.jpg 300w, https:\/\/bhidvegi.hu\/en\/wp-content\/uploads\/sites\/2\/2023\/01\/11SCHOLARSHIPsigning-150x150.jpg 150w, https:\/\/bhidvegi.hu\/en\/wp-content\/uploads\/sites\/2\/2023\/01\/11SCHOLARSHIPsigning-768x768.jpg 768w, https:\/\/bhidvegi.hu\/en\/wp-content\/uploads\/sites\/2\/2023\/01\/11SCHOLARSHIPsigning-1536x1536.jpg 1536w, https:\/\/bhidvegi.hu\/en\/wp-content\/uploads\/sites\/2\/2023\/01\/11SCHOLARSHIPsigning-2048x2048.jpg 2048w, https:\/\/bhidvegi.hu\/en\/wp-content\/uploads\/sites\/2\/2023\/01\/11SCHOLARSHIPsigning-600x600.jpg 600w, https:\/\/bhidvegi.hu\/en\/wp-content\/uploads\/sites\/2\/2023\/01\/11SCHOLARSHIPsigning-100x100.jpg 100w\" sizes=\"(max-width: 1024px) 100vw, 1024px\" \/><\/figure><div class=\"wp-block-media-text__content\">\n<p>The Foundation has set up a scholasrhip for students of the Faculty of Forest Engineering of the University of Western Hungary and of the Faculty of Applied Sciences of the Szent Istv\u00e1n University of G\u00f6d\u00f6ll\u0151. Each year, the Foundation awards the scholarship to one student, thus supporting his\/her studies and financial possibilities. The winner will be actively involved in the work of the museums and exhibitions organised by the Foundation. Through these practical activities, they will gain unique knowledge and experience that will play a key role in their professional development.<\/p>\n<\/div><\/div>\n\n\n\n<div class=\"is-layout-constrained wp-block-group alignwide\"><div class=\"wp-block-group__inner-container\">\n<p>B\u00e9la Hidv\u00e9gi gave an introductory speech in Ivan Carter&#8217;s wildlife conservation film &#8220;A Conservationist&#8217;s Cry&#8221; and an animated film for children about wildlife conservation. These films have been seen by more than 6 million people (in 6 countries) and have been shown at meetings of all European hunting organisations.<\/p>\n<\/div><\/div>\n\n\n\n<p>In 2019, in partnership with the Zambeze Delta Conservation and Anti-Poaching Foundation, the Foundation embarked on a surprisingly new and forward-looking activity, continuing the work they started a year ago with Ivan Carter and Mark Haldene in the Coutada 11 hunting block in Mozambique.<\/p>\n\n\n\n<div class=\"wp-block-media-text alignwide has-media-on-the-right is-stacked-on-mobile\" style=\"grid-template-columns:auto 30%\"><div class=\"wp-block-media-text__content\">\n<p>This unique concept of educating and employing local people so that they not only have to wait for outside donations, but can do much to better their lot themselves\u2026 The idea is that each village will be given at least 10 beehives, let the bees occupy the hive, look after them, take as much honey as they need, sell the rest on the market and use the money raised to fight poaching. There are already 70 beehives in the region.<\/p>\n<\/div><figure class=\"wp-block-media-text__media\"><img decoding=\"async\" loading=\"lazy\" width=\"1024\" height=\"768\" src=\"https:\/\/bhidvegi.hu\/en\/wp-content\/uploads\/sites\/2\/2023\/01\/IMG_1117_w.jpg\" alt=\"\" class=\"wp-image-142 size-full\" srcset=\"https:\/\/bhidvegi.hu\/en\/wp-content\/uploads\/sites\/2\/2023\/01\/IMG_1117_w.jpg 1024w, https:\/\/bhidvegi.hu\/en\/wp-content\/uploads\/sites\/2\/2023\/01\/IMG_1117_w-300x225.jpg 300w, https:\/\/bhidvegi.hu\/en\/wp-content\/uploads\/sites\/2\/2023\/01\/IMG_1117_w-768x576.jpg 768w, https:\/\/bhidvegi.hu\/en\/wp-content\/uploads\/sites\/2\/2023\/01\/IMG_1117_w-600x450.jpg 600w\" sizes=\"(max-width: 1024px) 100vw, 1024px\" \/><\/figure><\/div>\n\n\n\n<p>The Foundation&#8217;s logo has been branded on each hive and the hives have been transported to Zambezi Delta Safaris in Mozambique.<\/p>\n\n\n\n<p>The Foundation&#8217;s vice-president and a cameraman also traveled to Mozambique to film the fight against poaching, the distribution of the meat of the animals killed to local people, all the features of the special honey project we are launching and the reaction of the villagers.<\/p>\n\n\n\n<p>There is a 5 part film that the Foundation has produced for screening here and in neighboring countries, it is already running and has been shown in 4 countries so far,\u00a0\u00a0\u00a0\u00a0<\/p>\n\n\n\n<div class=\"is-layout-flex wp-container-4 wp-block-columns\">\n<div class=\"is-layout-flow wp-block-column\" style=\"flex-basis:100%\">\n<div class=\"is-layout-constrained wp-block-group\"><div class=\"wp-block-group__inner-container\">\n<p>The 30-minute English &#8211; Hungarian version focuses exclusively on the Foundation&#8217;s conservation efforts and has received the widest media support yet.<\/p>\n\n\n\n<figure class=\"wp-block-embed is-type-video is-provider-youtube wp-block-embed-youtube wp-embed-aspect-16-9 wp-has-aspect-ratio\"><div class=\"wp-block-embed__wrapper\">\n<iframe loading=\"lazy\" title=\"Real Conservation full 5L\" width=\"500\" height=\"281\" src=\"https:\/\/www.youtube.com\/embed\/jegvycUZE2A?feature=oembed\" frameborder=\"0\" allow=\"accelerometer; autoplay; clipboard-write; encrypted-media; gyroscope; picture-in-picture; web-share\" allowfullscreen><\/iframe>\n<\/div><\/figure>\n<\/div><\/div>\n<\/div>\n<\/div>\n","protected":false},"excerpt":{"rendered":"<p>The B\u00e9la Hidv\u00e9gi Hunting Trophy Foundation was established by B\u00e9la Hidv\u00e9gi in 2013 to maintain his exceptional trophy collection and exhibitions and help him realize his game conservation goals through international programs and educating the next generation. The Foundation, aims &#8211; among other things &#8211; to widen the public&#8217;s understanding of the world&#8217;s exotic animals, [&hellip;]<\/p>\n","protected":false},"author":1,"featured_media":70,"parent":0,"menu_order":0,"comment_status":"closed","ping_status":"closed","template":"","meta":[],"_links":{"self":[{"href":"https:\/\/bhidvegi.hu\/en\/wp-json\/wp\/v2\/pages\/22"}],"collection":[{"href":"https:\/\/bhidvegi.hu\/en\/wp-json\/wp\/v2\/pages"}],"about":[{"href":"https:\/\/bhidvegi.hu\/en\/wp-json\/wp\/v2\/types\/page"}],"author":[{"embeddable":true,"href":"https:\/\/bhidvegi.hu\/en\/wp-json\/wp\/v2\/users\/1"}],"replies":[{"embeddable":true,"href":"https:\/\/bhidvegi.hu\/en\/wp-json\/wp\/v2\/comments?post=22"}],"version-history":[{"count":17,"href":"https:\/\/bhidvegi.hu\/en\/wp-json\/wp\/v2\/pages\/22\/revisions"}],"predecessor-version":[{"id":152,"href":"https:\/\/bhidvegi.hu\/en\/wp-json\/wp\/v2\/pages\/22\/revisions\/152"}],"wp:featuredmedia":[{"embeddable":true,"href":"https:\/\/bhidvegi.hu\/en\/wp-json\/wp\/v2\/media\/70"}],"wp:attachment":[{"href":"https:\/\/bhidvegi.hu\/en\/wp-json\/wp\/v2\/media?parent=22"}],"curies":[{"name":"wp","href":"https:\/\/api.w.org\/{rel}","templated":true}]}}