{"id":27,"date":"2021-09-16T08:47:43","date_gmt":"2021-09-16T08:47:43","guid":{"rendered":"http:\/\/bhidvegi.webns.cloud\/en\/?page_id=27"},"modified":"2021-11-15T17:11:03","modified_gmt":"2021-11-15T17:11:03","slug":"books","status":"publish","type":"page","link":"https:\/\/bhidvegi.hu\/en\/books\/","title":{"rendered":"Books"},"content":{"rendered":"\n<p><\/p>\n\n\n\n<div class=\"wp-block-image\"><figure class=\"alignleft\"><img decoding=\"async\" src=\"http:\/\/bhidvegi.hu\/assets\/img\/books\/hidvegi_bela_vadaszalmok_bi_1.jpg\" alt=\"Vad\u00e1sz\u00e1lmok birodalm\u00e1ban\"\/><\/figure><\/div>\n\n\n\n<p><strong>Vad\u00e1sz\u00e1lmok birodalm\u00e1ban (Hunting Dreams)- 2000<\/strong><\/p>\n\n\n\n<p><em>B\u00e9la Hidv\u00e9gi \u2013 a Hungarian businessman born in 1936 \u2013 left Hungary and the Agricultural Academy of Keszthely, where he was a student, in 1956. He continued his studies in England where he received his diploma as a food industry engineer. For many decades he lived abroad. A few years ago he made his home once again in Hungary. He brought with him the peerless collection of trophies from his hunting trips, and he has graciously donated this collection to the Natural History Museum of Hungary. The stories of the trophies, the battles, the excitement, the ordeals demanding all of his person, and the exceptional success stories hace never yet been disclosed to the readers.<\/em><\/p>\n\n\n\n<p><em>The true value of the trophies that can be seen on the walls \u2013 which are for a hunter the same as a gold medal for an athlete \u2013 can hardly be truly understood by an aoutsider. The only person who can really relate the stories of the trophies is the man who acquired them himself. Here the reader can find the stories of B\u00e9la Hidv\u00e9gi\u2019s gilded sporting guns, his eighty pound elephant tusks, the large-maned lion, the mysterious bongo, the situtunga hiding int he deep marshes of Africa, the dwarf buffalo, the Marco Polo ram at home int he empire of eternal snow and ice, the giant moose of Alaska, the grizzly bear, and many, many more fantastic animals, all rare and unique in their own way.<\/em><\/p>\n\n\n\n<p><em>Relive the adventure through the eyes of the hunter himself!<\/em><\/p>\n\n\n\n<p><\/p>\n\n\n\n<p><strong>Vad\u00e1szk\u00e9nt a cs\u00facsokon I-II. \u2013 (As a Hunter on the Peaks) \u2013 2006<\/strong><\/p>\n\n\n\n<p><\/p>\n\n\n\n<div class=\"wp-block-image\"><figure class=\"alignleft\"><img decoding=\"async\" src=\"http:\/\/bhidvegi.hu\/assets\/img\/books\/sziklakperemen.png\" alt=\"sziklakperemen\"\/><\/figure><\/div>\n\n\n\n<p><strong>Szikl\u00e1k perem\u00e9n (On the Precipice) \u2013 2012<\/strong><\/p>\n\n\n\n<figure class=\"wp-block-image\"><a href=\"http:\/\/bhidvegi.hu\/assets\/img\/books\/Beyond_The_Mountains-e1419158203107.png\" target=\"_blank\" rel=\"noreferrer noopener\"><img decoding=\"async\" src=\"http:\/\/bhidvegi.hu\/assets\/img\/books\/Beyond_The_Mountains-e1419158203107.png\" alt=\"Beyond The Mountains\"\/><\/a><\/figure>\n\n\n\n<p><strong>\u201cHegyen Innen, Hegyen T\u00fal (Beyond the Mountains)\u201d \u2013 2014.<\/strong><\/p>\n\n\n\n<p>Most of my life as a hunter has been spent on the edge of cliffs and mountain ledges. But those mountains, I\u2019m beginning to feel, have suddenly become very distant, their world whisked away from me in the constantly whipping, piercing wind, whisked so far away I can barely see them now\u2026.<\/p>\n\n\n\n<p>When I was working on my book \u201cOn the Cliff Edge,\u201d which only deals with my experiences hunting in the mountains, I realized something which surprised me. I hadn\u2019t written anything about the many other hunts I had gone on. As far as I could remember, I\u2019d been on some 45 hunting trips apart from the mountain hunts, some easy, some more difficult, and these needed to be recorded. Of course, I\u2019ve continued hunting since I wrote this book, those stories still remain unwritten.<\/p>\n","protected":false},"excerpt":{"rendered":"<p>Vad\u00e1sz\u00e1lmok birodalm\u00e1ban (Hunting Dreams)- 2000 B\u00e9la Hidv\u00e9gi \u2013 a Hungarian businessman born in 1936 \u2013 left Hungary and the Agricultural Academy of Keszthely, where he was a student, in 1956. He continued his studies in England where he received his diploma as a food industry engineer. For many decades he lived abroad. A few years [&hellip;]<\/p>\n","protected":false},"author":1,"featured_media":0,"parent":0,"menu_order":0,"comment_status":"closed","ping_status":"closed","template":"","meta":[],"_links":{"self":[{"href":"https:\/\/bhidvegi.hu\/en\/wp-json\/wp\/v2\/pages\/27"}],"collection":[{"href":"https:\/\/bhidvegi.hu\/en\/wp-json\/wp\/v2\/pages"}],"about":[{"href":"https:\/\/bhidvegi.hu\/en\/wp-json\/wp\/v2\/types\/page"}],"author":[{"embeddable":true,"href":"https:\/\/bhidvegi.hu\/en\/wp-json\/wp\/v2\/users\/1"}],"replies":[{"embeddable":true,"href":"https:\/\/bhidvegi.hu\/en\/wp-json\/wp\/v2\/comments?post=27"}],"version-history":[{"count":2,"href":"https:\/\/bhidvegi.hu\/en\/wp-json\/wp\/v2\/pages\/27\/revisions"}],"predecessor-version":[{"id":100,"href":"https:\/\/bhidvegi.hu\/en\/wp-json\/wp\/v2\/pages\/27\/revisions\/100"}],"wp:attachment":[{"href":"https:\/\/bhidvegi.hu\/en\/wp-json\/wp\/v2\/media?parent=27"}],"curies":[{"name":"wp","href":"https:\/\/api.w.org\/{rel}","templated":true}]}}