{"id":29,"date":"2021-09-16T08:47:43","date_gmt":"2021-09-16T08:47:43","guid":{"rendered":"http:\/\/bhidvegi.webns.cloud\/en\/?page_id=29"},"modified":"2023-01-25T10:48:29","modified_gmt":"2023-01-25T10:48:29","slug":"dvd","status":"publish","type":"page","link":"https:\/\/bhidvegi.hu\/en\/dvd\/","title":{"rendered":"DVD"},"content":{"rendered":"\n<p><\/p>\n\n\n\n<p class=\"has-text-align-left\"><img decoding=\"async\" loading=\"lazy\" src=\"http:\/\/hu.bhidvegi.hu\/wp-content\/uploads\/2013\/08\/takacs_viktor_volt_egy_almo_1.jpg\" alt=\"Volt egy \u00e1lmom\" width=\"235\" height=\"335\"><\/p>\n\n\n\n<h2>Volt egy \u00e1lmom (dvd)<\/h2>\n\n\n\n<p>Hidv\u00e9gi B\u00e9la, a nemzetk\u00f6zi h\u00edr\u0171 \u00e9s elismert vad\u00e1szember v\u00e1ltozatos \u00e9let\u00fatj\u00e1nak, vad\u00e1sz\u00e9lm\u00e9nyeinek bemutat\u00e1sa arch\u00edv \u00e9s professzion\u00e1lis filmfelv\u00e9telekkel. Az afrikai vadfajok, a kafferbivaly, elef\u00e1nt, bongo, szitatunga, hegyi nyala, oroszl\u00e1n, leop\u00e1rd, \u00f3ri\u00e1sdiszn\u00f3 \u00e9s m\u00e9g m\u00e1s vadfajok elejt\u00e9s\u00e9t k\u00f6vethetj\u00fck v\u00e9gig. A n\u00e9z\u0151 gy\u00f6ny\u00f6rk\u00f6dhet a vil\u00e1gh\u00edr\u0171 angol Purdey vad\u00e1szfegyver m\u0171ves c\u00e9g m\u0171remekeiben. \u00c1t\u00e9lheti, a kir\u00e1lyi mad\u00e1r, a sk\u00f3t h\u00f3fajd (grause) vad\u00e1szat\u00e1nak k\u00fcl\u00f6nleges hangulat\u00e1t, de r\u00e9szt vehet a hazai f\u00e1c\u00e1n \u00e9s vaddiszn\u00f3vad\u00e1szatokon is.<\/p>\n\n\n\n<p><\/p>\n\n\n\n<p><img decoding=\"async\" loading=\"lazy\" src=\"http:\/\/hu.bhidvegi.hu\/wp-content\/uploads\/2013\/09\/hegyi-vadaszataim.jpg\" alt=\"A vadont\u00f3l a m\u00fazeumig\" width=\"237\" height=\"335\"><\/p>\n\n\n\n<h2>Hegyi vad\u00e1szataim (dvd)<\/h2>\n\n\n\n<p>A filmen a magashegyi \u00e1llatok rendk\u00edv\u00fcli er\u0151fesz\u00edt\u00e9st, kitart\u00e1st ig\u00e9nyl\u0151 becserkel\u00e9s\u00e9t \u00e9s elejt\u00e9s\u00e9t k\u00f6vethetj\u00fck nyomon. A n\u00e9z\u0151 k\u00e9pzeletben megm\u00e1szhatja az amerikai Szikl\u00e1s- hegys\u00e9g, a Kauk\u00e1zus, a Hindukus, a Himal\u00e1ja, a Pam\u00edr \u00e9s az \u00faj \u2013 z\u00e9landi hegyek egekbe t\u00f6r\u0151 szikla\u00f3ri\u00e1sait.\u201d A film egy sokat utaz\u00f3 vil\u00e1gj\u00e1r\u00f3 szem\u00e9vel mutatja be az \u00e9rintett orsz\u00e1gok term\u00e9szeti sz\u00e9ps\u00e9geit, kult\u00far\u00e1j\u00e1t, n\u00e9p\u00e9t, azok szok\u00e1sait \u00e9s n\u00e9prajzi eml\u00e9keit.<\/p>\n\n\n\n<p><img decoding=\"async\" loading=\"lazy\" src=\"http:\/\/hu.bhidvegi.hu\/wp-content\/uploads\/2013\/08\/hidvegi_bela_a_vilag_tetejen-kirgizisztan_dvd_1.jpg\" alt=\"A vil\u00e1g tetej\u00e9n (dvd)\" width=\"238\" height=\"335\"><\/p>\n\n\n\n<h2>A vil\u00e1g tetej\u00e9n (dvd)<\/h2>\n\n\n\n<p>Nep\u00e1lban emelkednek a vil\u00e1g legmagasabb hegycs\u00facsa, a Himal\u00e1ja \u00f3ri\u00e1sai- ugyanez a hegys\u00e9g a k\u00e9k juh \u00e9s a himalajai tahr, e k\u00e9t ritka, legnehezebben vad\u00e1szhat\u00f3 hegyi vad \u0151shaz\u00e1ja. Hidv\u00e9gi B\u00e9la eredeti \u00e9l\u0151hely\u00e9n ejtette el e k\u00e9t, kiv\u00e9telesen nagyra \u00e9rt\u00e9kelt faj egy \u2013 egy p\u00e9ld\u00e1ny\u00e1t.<\/p>\n\n\n\n<p>A kirgiz hegyvil\u00e1gban l\u0151tt Hume \u2013 \u00e9s Tien- San argali vad\u00e1szata, mely nem sokkal k\u00e9s\u0151bb k\u00f6vetkezett, semmivel sem marad el az el\u0151z\u0151 k\u00e9t \u00e9lm\u00e9nyt\u0151l.<\/p>\n\n\n\n<p><img decoding=\"async\" loading=\"lazy\" src=\"http:\/\/hu.bhidvegi.hu\/wp-content\/uploads\/2013\/08\/takacs_viktor_a_vadontol_a__1.jpg\" alt=\"A vadont\u00f3l a m\u00fazeumig\" width=\"237\" height=\"335\"><\/p>\n","protected":false},"excerpt":{"rendered":"<p>Volt egy \u00e1lmom (dvd) Hidv\u00e9gi B\u00e9la, a nemzetk\u00f6zi h\u00edr\u0171 \u00e9s elismert vad\u00e1szember v\u00e1ltozatos \u00e9let\u00fatj\u00e1nak, vad\u00e1sz\u00e9lm\u00e9nyeinek bemutat\u00e1sa arch\u00edv \u00e9s professzion\u00e1lis filmfelv\u00e9telekkel. Az afrikai vadfajok, a kafferbivaly, elef\u00e1nt, bongo, szitatunga, hegyi nyala, oroszl\u00e1n, leop\u00e1rd, \u00f3ri\u00e1sdiszn\u00f3 \u00e9s m\u00e9g m\u00e1s vadfajok elejt\u00e9s\u00e9t k\u00f6vethetj\u00fck v\u00e9gig. A n\u00e9z\u0151 gy\u00f6ny\u00f6rk\u00f6dhet a vil\u00e1gh\u00edr\u0171 angol Purdey vad\u00e1szfegyver m\u0171ves c\u00e9g m\u0171remekeiben. \u00c1t\u00e9lheti, a kir\u00e1lyi mad\u00e1r, [&hellip;]<\/p>\n","protected":false},"author":1,"featured_media":70,"parent":0,"menu_order":0,"comment_status":"closed","ping_status":"closed","template":"","meta":[],"_links":{"self":[{"href":"https:\/\/bhidvegi.hu\/en\/wp-json\/wp\/v2\/pages\/29"}],"collection":[{"href":"https:\/\/bhidvegi.hu\/en\/wp-json\/wp\/v2\/pages"}],"about":[{"href":"https:\/\/bhidvegi.hu\/en\/wp-json\/wp\/v2\/types\/page"}],"author":[{"embeddable":true,"href":"https:\/\/bhidvegi.hu\/en\/wp-json\/wp\/v2\/users\/1"}],"replies":[{"embeddable":true,"href":"https:\/\/bhidvegi.hu\/en\/wp-json\/wp\/v2\/comments?post=29"}],"version-history":[{"count":3,"href":"https:\/\/bhidvegi.hu\/en\/wp-json\/wp\/v2\/pages\/29\/revisions"}],"predecessor-version":[{"id":209,"href":"https:\/\/bhidvegi.hu\/en\/wp-json\/wp\/v2\/pages\/29\/revisions\/209"}],"wp:featuredmedia":[{"embeddable":true,"href":"https:\/\/bhidvegi.hu\/en\/wp-json\/wp\/v2\/media\/70"}],"wp:attachment":[{"href":"https:\/\/bhidvegi.hu\/en\/wp-json\/wp\/v2\/media?parent=29"}],"curies":[{"name":"wp","href":"https:\/\/api.w.org\/{rel}","templated":true}]}}