{"id":303,"date":"2024-02-02T10:35:06","date_gmt":"2024-02-02T10:35:06","guid":{"rendered":"https:\/\/bhidvegi.hu\/en\/?page_id=303"},"modified":"2024-02-02T10:46:42","modified_gmt":"2024-02-02T10:46:42","slug":"auction-for-conservation-2024","status":"publish","type":"page","link":"https:\/\/bhidvegi.hu\/en\/auction-for-conservation-2024\/","title":{"rendered":"Auction for Conservation 2024"},"content":{"rendered":"\n<blockquote class=\"wp-block-quote\">\n<p>I strongly believe that the future well being of the world\u2019s wildlife will only be maintained by sustainable hunting and game conservation, and if hunters pass on their passion and knowledge to future generations. We have to show that we are not killers, but the protectors of wildlife. We not only talk, but act, and through our hunts we spend serious sums too on wildlife and game conservation so that our grandchildren will be able to meet wild animals and, if their passion dictates they would be able to hunt too.<\/p>\n<cite>&#8211; Bela Hidvegi<\/cite><\/blockquote>\n\n\n<div class=\"wp-block-image\">\n<figure class=\"aligncenter size-full\"><img decoding=\"async\" loading=\"lazy\" width=\"1024\" height=\"693\" src=\"https:\/\/bhidvegi.hu\/en\/wp-content\/uploads\/sites\/2\/2024\/02\/k_DSC_5333-1024x693-1.jpg\" alt=\"\" class=\"wp-image-304\" srcset=\"https:\/\/bhidvegi.hu\/en\/wp-content\/uploads\/sites\/2\/2024\/02\/k_DSC_5333-1024x693-1.jpg 1024w, https:\/\/bhidvegi.hu\/en\/wp-content\/uploads\/sites\/2\/2024\/02\/k_DSC_5333-1024x693-1-300x203.jpg 300w, https:\/\/bhidvegi.hu\/en\/wp-content\/uploads\/sites\/2\/2024\/02\/k_DSC_5333-1024x693-1-768x520.jpg 768w, https:\/\/bhidvegi.hu\/en\/wp-content\/uploads\/sites\/2\/2024\/02\/k_DSC_5333-1024x693-1-600x406.jpg 600w\" sizes=\"(max-width: 1024px) 100vw, 1024px\" \/><\/figure><\/div>\n\n\n<p class=\"has-background\" style=\"background-color:#3f523cc2\">The B\u00e9la Hidv\u00e9gi Hunting Trophy Foundation was previously run mainly by private donations from B\u00e9la Hidv\u00e9gi, but as more and more people became aware of B\u00e9la and the Foundation&#8217;s activities, more and more wanted to support it in some way.<br>And so was born the idea of the auction, where B\u00e9la&#8217;s personal items were put up for auctioning, to give our supporters the opportunity to help in a way that would not only help the Foundation&#8217;s work, but they would receive something in return, &#8211; from B\u00e9la himself.<br>But after the first auction in 2023, several of B\u00e9la&#8217;s friends reached out saying they would like to make a donation to support this initiative, so this year, hunts could be included in the auction&#8217;s catalogue!<\/p>\n\n\n\n<p class=\"has-text-align-center has-medium-font-size\">The complete catalogue of the auctioned items is available on Axioart&#8217;s website:<\/p>\n\n\n<div class=\"vlp-link-container vlp-layout-basic wp-block-visual-link-preview-link\"><a href=\"https:\/\/axioart.com\/aukcio\/2024-02-10\/hidvegi-alapitvany-2024-jotekonysagi-aukcio\/teljes-katalogus?set_lang=en\" class=\"vlp-link\" title=\"Fair Partner \u2714Hidv\u00e9gi Foundation 2024 Charitable Auction - FeHova 30. Jubilee | B\u00e9la Hidv\u00e9gi Hunting Trophy Foundation | 10-02-2024 16:00 | axioart.com\" rel=\"nofollow\" target=\"_blank\"><\/a><div class=\"vlp-layout-zone-side\"><div class=\"vlp-block-2 vlp-link-image\"><img style=\"max-width: 150px;\" width=\"150\" height=\"113\" src=\"https:\/\/bhidvegi.hu\/en\/wp-content\/uploads\/sites\/2\/2024\/02\/25.jpg\" class=\"attachment-150x999 size-150x999\" alt=\"\" decoding=\"async\" loading=\"lazy\" srcset=\"https:\/\/bhidvegi.hu\/en\/wp-content\/uploads\/sites\/2\/2024\/02\/25.jpg 1200w, https:\/\/bhidvegi.hu\/en\/wp-content\/uploads\/sites\/2\/2024\/02\/25-300x225.jpg 300w, https:\/\/bhidvegi.hu\/en\/wp-content\/uploads\/sites\/2\/2024\/02\/25-1024x768.jpg 1024w, https:\/\/bhidvegi.hu\/en\/wp-content\/uploads\/sites\/2\/2024\/02\/25-768x576.jpg 768w, https:\/\/bhidvegi.hu\/en\/wp-content\/uploads\/sites\/2\/2024\/02\/25-600x450.jpg 600w\" sizes=\"(max-width: 150px) 100vw, 150px\" \/><\/div><\/div><div class=\"vlp-layout-zone-main\"><div class=\"vlp-block-0 vlp-link-title\">Fair Partner \u2714Hidv\u00e9gi Foundation 2024 Charitable Auction &#8211; FeHova 30. Jubilee | B\u00e9la Hidv\u00e9gi Hunting Trophy Foundation | 10-02-2024 16:00 | axioart.com<\/div><\/div><\/div>\n\n\n<ul>\n<li>date of auction: <strong>10. february 2024, saturday<\/strong> <strong>16:00 \u2013 18:00<\/strong><\/li>\n\n\n\n<li>place of auction and exhibition: <strong>Hungary, 1101 Budapest, Albertirsai way 10. Hungexpo, \u201cFEHOVA\u201d hunting, guns and fishing exhibition and market,<\/strong><strong> Pavilon A<\/strong><\/li>\n<\/ul>\n\n\n\n<p class=\"has-text-align-center has-medium-font-size\">Participation can be <strong>Online<\/strong> or <strong>Personal<\/strong>, but both is subject to <strong>prior registration<\/strong> at:<br><a href=\"https:\/\/axioart.com\/?set_lang=en\" target=\"_blank\" rel=\"noreferrer noopener\">https:\/\/axioart.com\/?set_lang=en<\/a><\/p>\n\n\n\n<p class=\"has-text-align-center\">A <strong>video guide<\/strong> for registration can be found here: <\/p>\n\n\n\n<figure class=\"wp-block-embed aligncenter is-type-video is-provider-youtube wp-block-embed-youtube wp-embed-aspect-16-9 wp-has-aspect-ratio\"><div class=\"wp-block-embed__wrapper\">\n<iframe loading=\"lazy\" title=\"Hogyan jelentkezhet \u00c9L\u0150 k\u00f6zvet\u00edt\u00e9sre?\" width=\"500\" height=\"281\" src=\"https:\/\/www.youtube.com\/embed\/epAkavP2uBU?feature=oembed\" frameborder=\"0\" allow=\"accelerometer; autoplay; clipboard-write; encrypted-media; gyroscope; picture-in-picture; web-share\" allowfullscreen><\/iframe>\n<\/div><\/figure>\n\n\n\n<p class=\"has-text-align-center has-medium-font-size\">After registration, it is possible to place a valid bid for the selected items in advance! If the auction does not receive more bids than this amount, the pre-bid (abstantee bid) will be the winner. For help, see the following video:<\/p>\n\n\n\n<figure class=\"wp-block-embed is-type-video is-provider-youtube wp-block-embed-youtube wp-embed-aspect-16-9 wp-has-aspect-ratio\"><div class=\"wp-block-embed__wrapper\">\n<iframe loading=\"lazy\" title=\"Hogyan adhat v\u00e9teli megb\u00edz\u00e1st?\" width=\"500\" height=\"281\" src=\"https:\/\/www.youtube.com\/embed\/WjolttGnWJ4?feature=oembed\" frameborder=\"0\" allow=\"accelerometer; autoplay; clipboard-write; encrypted-media; gyroscope; picture-in-picture; web-share\" allowfullscreen><\/iframe>\n<\/div><\/figure>\n","protected":false},"excerpt":{"rendered":"<p>I strongly believe that the future well being of the world\u2019s wildlife will only be maintained by sustainable hunting and game conservation, and if hunters pass on their passion and knowledge to future generations. We have to show that we are not killers, but the protectors of wildlife. We not only talk, but act, and [&hellip;]<\/p>\n","protected":false},"author":3,"featured_media":311,"parent":0,"menu_order":0,"comment_status":"closed","ping_status":"closed","template":"","meta":[],"_links":{"self":[{"href":"https:\/\/bhidvegi.hu\/en\/wp-json\/wp\/v2\/pages\/303"}],"collection":[{"href":"https:\/\/bhidvegi.hu\/en\/wp-json\/wp\/v2\/pages"}],"about":[{"href":"https:\/\/bhidvegi.hu\/en\/wp-json\/wp\/v2\/types\/page"}],"author":[{"embeddable":true,"href":"https:\/\/bhidvegi.hu\/en\/wp-json\/wp\/v2\/users\/3"}],"replies":[{"embeddable":true,"href":"https:\/\/bhidvegi.hu\/en\/wp-json\/wp\/v2\/comments?post=303"}],"version-history":[{"count":4,"href":"https:\/\/bhidvegi.hu\/en\/wp-json\/wp\/v2\/pages\/303\/revisions"}],"predecessor-version":[{"id":314,"href":"https:\/\/bhidvegi.hu\/en\/wp-json\/wp\/v2\/pages\/303\/revisions\/314"}],"wp:featuredmedia":[{"embeddable":true,"href":"https:\/\/bhidvegi.hu\/en\/wp-json\/wp\/v2\/media\/311"}],"wp:attachment":[{"href":"https:\/\/bhidvegi.hu\/en\/wp-json\/wp\/v2\/media?parent=303"}],"curies":[{"name":"wp","href":"https:\/\/api.w.org\/{rel}","templated":true}]}}