{"id":6,"date":"2021-09-16T08:40:31","date_gmt":"2021-09-16T08:40:31","guid":{"rendered":"http:\/\/bhidvegi.webns.cloud\/en\/?page_id=6"},"modified":"2024-02-02T10:55:04","modified_gmt":"2024-02-02T10:55:04","slug":"home","status":"publish","type":"page","link":"https:\/\/bhidvegi.hu\/en\/","title":{"rendered":"Home"},"content":{"rendered":"\n<div class=\"is-layout-flex wp-container-5 wp-block-columns\">\n<div class=\"is-layout-flow wp-block-column\" style=\"flex-basis:100%\">\n<div class=\"is-layout-flex wp-container-3 wp-block-columns\">\n<div class=\"is-layout-flow wp-block-column\"><div class=\"wp-block-image\">\n<figure class=\"aligncenter size-full is-resized\"><a href=\"https:\/\/bhidvegi.hu\/en\/auction-for-conservation-2024\/\"><img decoding=\"async\" loading=\"lazy\" src=\"https:\/\/bhidvegi.hu\/en\/wp-content\/uploads\/sites\/2\/2024\/02\/k_DSC_5333-1024x693-1.jpg\" alt=\"\" class=\"wp-image-304\" width=\"423\" height=\"286\" srcset=\"https:\/\/bhidvegi.hu\/en\/wp-content\/uploads\/sites\/2\/2024\/02\/k_DSC_5333-1024x693-1.jpg 1024w, https:\/\/bhidvegi.hu\/en\/wp-content\/uploads\/sites\/2\/2024\/02\/k_DSC_5333-1024x693-1-300x203.jpg 300w, https:\/\/bhidvegi.hu\/en\/wp-content\/uploads\/sites\/2\/2024\/02\/k_DSC_5333-1024x693-1-768x520.jpg 768w, https:\/\/bhidvegi.hu\/en\/wp-content\/uploads\/sites\/2\/2024\/02\/k_DSC_5333-1024x693-1-600x406.jpg 600w\" sizes=\"(max-width: 423px) 100vw, 423px\" \/><\/a><figcaption class=\"wp-element-caption\"><strong>Auction for Conservation 2024<\/strong><\/figcaption><\/figure><\/div><\/div>\n\n\n\n<div class=\"is-layout-flow wp-block-column\"><div class=\"wp-block-image\">\n<figure class=\"aligncenter size-full is-resized\"><img decoding=\"async\" loading=\"lazy\" src=\"https:\/\/bhidvegi.hu\/en\/wp-content\/uploads\/sites\/2\/2024\/02\/crop_kicsi_weatherby-awards-by-tidmore-portraits-780.jpg\" alt=\"\" class=\"wp-image-318\" width=\"375\" height=\"282\" srcset=\"https:\/\/bhidvegi.hu\/en\/wp-content\/uploads\/sites\/2\/2024\/02\/crop_kicsi_weatherby-awards-by-tidmore-portraits-780.jpg 801w, https:\/\/bhidvegi.hu\/en\/wp-content\/uploads\/sites\/2\/2024\/02\/crop_kicsi_weatherby-awards-by-tidmore-portraits-780-300x226.jpg 300w, https:\/\/bhidvegi.hu\/en\/wp-content\/uploads\/sites\/2\/2024\/02\/crop_kicsi_weatherby-awards-by-tidmore-portraits-780-768x579.jpg 768w, https:\/\/bhidvegi.hu\/en\/wp-content\/uploads\/sites\/2\/2024\/02\/crop_kicsi_weatherby-awards-by-tidmore-portraits-780-600x452.jpg 600w\" sizes=\"(max-width: 375px) 100vw, 375px\" \/><figcaption class=\"wp-element-caption\"><strong>Weatherby Award<\/strong><\/figcaption><\/figure><\/div><\/div>\n<\/div>\n<\/div>\n<\/div>\n\n\n\n<h2 class=\"has-text-align-center\">About Me<\/h2>\n\n\n\n<p class=\"has-text-align-center\">He was born in 1936 in a small Hungarian town called Nagysz\u00e9n\u00e1s. His parents were landowners and, after the war, they lost all their properties and had to flee from the mob to the other part of the country. Continued his studies in Keszthely Agricultural University and in 1956 continued the studies in London, where he graduated as a food engineer. He married in England and has two daughters and five grandsons.<\/p>\n\n\n\n<div class=\"is-horizontal is-content-justification-center is-layout-flex wp-container-6 wp-block-buttons\">\n<div class=\"wp-block-button\"><a class=\"wp-block-button__link wp-element-button\" href=\"https:\/\/bhidvegi.hu\/en\/about-me\/\">More<\/a><\/div>\n<\/div>\n\n\n\n<p><\/p>\n\n\n\n<h2 class=\"has-text-align-center\">News<\/h2>\n\n\nNo posts\n\n\n<div class=\"is-horizontal is-content-justification-center is-layout-flex wp-container-7 wp-block-buttons\">\n<div class=\"wp-block-button\"><a class=\"wp-block-button__link wp-element-button\">Show all<\/a><\/div>\n<\/div>\n\n\n\n<hr class=\"wp-block-separator has-css-opacity\"\/>\n\n\n<div class=\"wp-block-image\">\n<figure class=\"aligncenter size-full\"><img decoding=\"async\" src=\"http:\/\/bhidvegi.webns.cloud\/wp-content\/uploads\/2021\/09\/i_foundation_2_hu.jpg\" alt=\"\" class=\"wp-image-105\"\/><\/figure><\/div>\n\n\n<h2 class=\"has-text-align-center\">The three pillars of our activities<\/h2>\n\n\n\n<div class=\"is-layout-flex wp-container-11 wp-block-columns\">\n<div class=\"is-layout-flow wp-block-column\">\n<h3 class=\"has-text-align-center\">Conservation<\/h3>\n\n\n\n<p class=\"has-text-align-center has-text-color has-small-font-size\" style=\"color:#4f4f4f\">Creating and supporting ongoing conservation projects worldwide.<\/p>\n<\/div>\n\n\n\n<div class=\"is-layout-flow wp-block-column\">\n<h3 class=\"has-text-align-center\">Education<\/h3>\n\n\n\n<p class=\"has-text-align-center has-text-color has-small-font-size\" style=\"color:#4f4f4f\">Creating educational content and organizing workshops and presentations. Teaching about the necessity of controlled and sustainable hunting for wildlife conservation. <\/p>\n<\/div>\n\n\n\n<div class=\"is-layout-flow wp-block-column\">\n<h3 class=\"has-text-align-center\">Scolarship<\/h3>\n\n\n\n<p class=\"has-text-align-center has-text-color has-small-font-size\" style=\"color:#4f4f4f\">Supporting students of Forestry and Game Management at the University of Sopron and MATE university at G\u00f6d\u00f6ll\u0151.<\/p>\n<\/div>\n<\/div>\n\n\n\n<div class=\"is-content-justification-center is-layout-flex wp-container-12 wp-block-buttons\">\n<div class=\"wp-block-button has-custom-font-size has-medium-font-size\"><a class=\"wp-block-button__link wp-element-button\" href=\"https:\/\/bhidvegi.hu\/en\/foundation\/\">Foundation<\/a><\/div>\n<\/div>\n\n\n\n<hr class=\"wp-block-separator has-css-opacity\"\/>\n\n\n\n<h2 class=\"has-text-align-center\"><\/h2>\n\n\n\n<div class=\"is-layout-flex wp-container-19 wp-block-columns\">\n<div class=\"is-layout-flow wp-block-column\"><div class=\"wp-block-image is-style-default\">\n<figure class=\"aligncenter size-full\"><img decoding=\"async\" src=\"http:\/\/bhidvegi.webns.cloud\/wp-content\/uploads\/2021\/09\/i_trophy.jpg\" alt=\"\" class=\"wp-image-116\"\/><\/figure><\/div>\n\n\n<h3 class=\"has-text-align-center\">Books<\/h3>\n\n\n\n<p class=\"has-text-align-center has-text-color has-small-font-size\" style=\"color:#4f4f4f\">Hunting around the world, first hand experiences on nature, wildlife, conservation and societies.<\/p>\n\n\n\n<div class=\"is-horizontal is-content-justification-center is-layout-flex wp-container-13 wp-block-buttons\">\n<div class=\"wp-block-button\"><a class=\"wp-block-button__link wp-element-button\" href=\"https:\/\/bhidvegi.hu\/en\/books\/\">More<\/a><\/div>\n<\/div>\n<\/div>\n\n\n\n<div class=\"is-layout-flow wp-block-column\"><div class=\"wp-block-image\">\n<figure class=\"aligncenter size-full\"><img decoding=\"async\" src=\"http:\/\/bhidvegi.webns.cloud\/wp-content\/uploads\/2021\/09\/i_foundation.jpg\" alt=\"\" class=\"wp-image-117\"\/><\/figure><\/div>\n\n\n<h3 class=\"has-text-align-center\">Movies and DVDs<\/h3>\n\n\n\n<p class=\"has-text-align-center has-text-color has-small-font-size\" style=\"color:#4f4f4f\">Hunting adventures and sustainable hunting for conservation.<\/p>\n\n\n\n<div class=\"is-horizontal is-content-justification-center is-layout-flex wp-container-15 wp-block-buttons\">\n<div class=\"wp-block-button\"><a class=\"wp-block-button__link wp-element-button\" href=\"https:\/\/bhidvegi.hu\/en\/dvd\/\">More<\/a><\/div>\n<\/div>\n<\/div>\n\n\n\n<div class=\"is-layout-flow wp-block-column\"><div class=\"wp-block-image\">\n<figure class=\"aligncenter size-full\"><img decoding=\"async\" src=\"http:\/\/bhidvegi.webns.cloud\/wp-content\/uploads\/2021\/09\/i_museum.jpg\" alt=\"\" class=\"wp-image-118\"\/><\/figure><\/div>\n\n\n<h3 class=\"has-text-align-center\">Museums<\/h3>\n\n\n\n<p class=\"has-text-align-center has-text-color has-small-font-size\" style=\"color:#4f4f4f\">Two exhibitions in Hungary, showcasing nearly 300 fully mounted trophies.<\/p>\n\n\n\n<div class=\"is-horizontal is-content-justification-center is-layout-flex wp-container-17 wp-block-buttons\">\n<div class=\"wp-block-button\"><a class=\"wp-block-button__link wp-element-button\" href=\"https:\/\/bhidvegi.hu\/en\/keszthely-hungary\/\">Keszthely<\/a><\/div>\n\n\n\n<div class=\"wp-block-button\"><a class=\"wp-block-button__link wp-element-button\" href=\"https:\/\/bhidvegi.hu\/en\/sopron-hungary\/\">Sopron<\/a><\/div>\n<\/div>\n<\/div>\n<\/div>\n\n\n\n<hr class=\"wp-block-separator has-css-opacity\"\/>\n\n\n<div class='wp-sponsors'><\/div>\n\n\n\n<p><\/p>\n","protected":false},"excerpt":{"rendered":"<p>About Me He was born in 1936 in a small Hungarian town called Nagysz\u00e9n\u00e1s. His parents were landowners and, after the war, they lost all their properties and had to flee from the mob to the other part of the country. Continued his studies in Keszthely Agricultural University and in 1956 continued the studies in [&hellip;]<\/p>\n","protected":false},"author":1,"featured_media":70,"parent":0,"menu_order":0,"comment_status":"closed","ping_status":"closed","template":"","meta":[],"_links":{"self":[{"href":"https:\/\/bhidvegi.hu\/en\/wp-json\/wp\/v2\/pages\/6"}],"collection":[{"href":"https:\/\/bhidvegi.hu\/en\/wp-json\/wp\/v2\/pages"}],"about":[{"href":"https:\/\/bhidvegi.hu\/en\/wp-json\/wp\/v2\/types\/page"}],"author":[{"embeddable":true,"href":"https:\/\/bhidvegi.hu\/en\/wp-json\/wp\/v2\/users\/1"}],"replies":[{"embeddable":true,"href":"https:\/\/bhidvegi.hu\/en\/wp-json\/wp\/v2\/comments?post=6"}],"version-history":[{"count":14,"href":"https:\/\/bhidvegi.hu\/en\/wp-json\/wp\/v2\/pages\/6\/revisions"}],"predecessor-version":[{"id":320,"href":"https:\/\/bhidvegi.hu\/en\/wp-json\/wp\/v2\/pages\/6\/revisions\/320"}],"wp:featuredmedia":[{"embeddable":true,"href":"https:\/\/bhidvegi.hu\/en\/wp-json\/wp\/v2\/media\/70"}],"wp:attachment":[{"href":"https:\/\/bhidvegi.hu\/en\/wp-json\/wp\/v2\/media?parent=6"}],"curies":[{"name":"wp","href":"https:\/\/api.w.org\/{rel}","templated":true}]}}